{"id":4209,"date":"2023-10-20T14:41:02","date_gmt":"2023-10-20T13:41:02","guid":{"rendered":"https:\/\/cocoparks.io\/rincon-del-coco\/"},"modified":"2023-11-21T06:38:25","modified_gmt":"2023-11-21T05:38:25","slug":"rincon-del-coco","status":"publish","type":"page","link":"https:\/\/cocoparks.io\/es-es\/rincon-del-coco\/","title":{"rendered":"Rinc\u00f3n del Coco"},"content":{"rendered":"\t\t<div data-elementor-type=\"wp-page\" data-elementor-id=\"4209\" class=\"elementor elementor-4209 elementor-1013\" data-elementor-post-type=\"page\">\n\t\t\t\t<div class=\"elementor-element elementor-element-6ad157a e-flex e-con-boxed e-con e-parent\" data-id=\"6ad157a\" data-element_type=\"container\" data-settings=\"{&quot;background_background&quot;:&quot;classic&quot;}\">\n\t\t\t\t\t<div class=\"e-con-inner\">\n\t\t<div class=\"elementor-element elementor-element-5829162 e-con-full e-flex e-con e-child\" data-id=\"5829162\" data-element_type=\"container\">\n\t\t\t\t<div class=\"elementor-element elementor-element-4733db6 elementor-widget elementor-widget-heading\" data-id=\"4733db6\" data-element_type=\"widget\" data-widget_type=\"heading.default\">\n\t\t\t\t<div class=\"elementor-widget-container\">\n\t\t\t<h2 class=\"elementor-heading-title elementor-size-default\">Rinc\u00f3n del Coco<\/h2>\t\t<\/div>\n\t\t\t\t<\/div>\n\t\t\t\t<div class=\"elementor-element elementor-element-ff6e298 elementor-widget elementor-widget-text-editor\" data-id=\"ff6e298\" data-element_type=\"widget\" data-widget_type=\"text-editor.default\">\n\t\t\t\t<div class=\"elementor-widget-container\">\n\t\t\t\t\t\t\t<p>Aparcar y los aparcamientos son una pesadilla: en este blog hemos reunido toda la informaci\u00f3n \u00fatil posible para ayudarle a aparcar de forma m\u00e1s eficiente en la ciudad: trucos, consejos, gu\u00edas&#8230; \u00a1todo est\u00e1 aqu\u00ed!<\/p>\n\t\t\t\t\t\t<\/div>\n\t\t\t\t<\/div>\n\t\t\t\t<\/div>\n\t\t\t\t<div class=\"elementor-element elementor-element-34fa3e4 elementor-widget__width-initial blog-search-filter elementor-widget elementor-widget-jet-smart-filters-search\" data-id=\"34fa3e4\" data-element_type=\"widget\" data-widget_type=\"jet-smart-filters-search.default\">\n\t\t\t\t<div class=\"elementor-widget-container\">\n\t\t\t<div class=\"jet-smart-filters-search jet-filter\"><div class=\"jet-search-filter\" data-query-type=\"_s\" data-query-var=\"query\" data-smart-filter=\"search\" data-filter-id=\"2250\" data-apply-type=\"ajax-ontyping\" data-content-provider=\"jet-engine\" data-additional-providers=\"\" data-query-id=\"default\" data-active-label=\"\" data-layout-options=\"{&quot;show_label&quot;:&quot;&quot;,&quot;display_options&quot;:[]}\" data-query-var-suffix=\"search\" data-min-letters-count=\"3\">\n\t<div class=\"jet-search-filter__input-wrapper\">\n\t\t<input\n\t\t\tclass=\"jet-search-filter__input\"\n\t\t\ttype=\"search\"\n\t\t\tautocomplete=\"off\"\n\t\t\tname=\"query\"\n\t\t\tvalue=\"\"\n\t\t\tplaceholder=\"Chercher...\"\n\t\t\taria-label=\"Blog search filter\"\n\t\t\ttabindex=\"0\"\t\t>\n\t\t\t\t\t<div class=\"jet-search-filter__input-clear\"><\/div>\n\t\t\t<div class=\"jet-search-filter__input-loading\"><\/div>\n\t\t\t<\/div>\n\t<\/div>\n<\/div>\t\t<\/div>\n\t\t\t\t<\/div>\n\t\t\t\t\t<\/div>\n\t\t\t\t<\/div>\n\t\t<div class=\"elementor-element elementor-element-864a0ee e-flex e-con-boxed e-con e-parent\" data-id=\"864a0ee\" data-element_type=\"container\">\n\t\t\t\t\t<div class=\"e-con-inner\">\n\t\t\t\t<div class=\"elementor-element elementor-element-1694444 elementor-widget elementor-widget-heading\" data-id=\"1694444\" data-element_type=\"widget\" data-widget_type=\"heading.default\">\n\t\t\t\t<div class=\"elementor-widget-container\">\n\t\t\t<h3 class=\"elementor-heading-title elementor-size-default\">Categor\u00edas<\/h3>\t\t<\/div>\n\t\t\t\t<\/div>\n\t\t\t\t<div class=\"elementor-element elementor-element-84a73c0 blog-radio-filter elementor-widget elementor-widget-jet-smart-filters-radio\" data-id=\"84a73c0\" data-element_type=\"widget\" data-widget_type=\"jet-smart-filters-radio.default\">\n\t\t\t\t<div class=\"elementor-widget-container\">\n\t\t\t<div class=\"jet-smart-filters-radio jet-filter \" data-indexer-rule=\"show\" data-show-counter=\"\" data-change-counter=\"always\"><div class=\"jet-radio-list\" data-query-type=\"tax_query\" data-query-var=\"category\" data-smart-filter=\"radio\" data-filter-id=\"2229\" data-apply-type=\"ajax\" data-content-provider=\"jet-engine\" data-additional-providers=\"\" data-query-id=\"default\" data-active-label=\"\" data-layout-options=\"{&quot;show_label&quot;:&quot;&quot;,&quot;display_options&quot;:{&quot;show_items_label&quot;:false,&quot;show_decorator&quot;:false,&quot;filter_image_size&quot;:&quot;full&quot;,&quot;show_counter&quot;:false}}\" data-query-var-suffix=\"\" data-can-deselect=\"1\"><form class=\"jet-radio-list-wrapper\"><fieldset><legend style=\"display:none;\">Blog checkbox filter<\/legend><div class=\"jet-radio-list__row jet-filter-row\">\n\t<label class=\"jet-radio-list__item\" tabindex=\"0\">\n\t\t<input\n\t\t\ttype=\"radio\"\n\t\t\tclass=\"jet-radio-list__input\"\n\t\t\tname=\"category\"\n\t\t\tvalue=\"all\"\n\t\t\tdata-label=\"Tous\"\n\t\t\taria-label=\"Tous\"\n\t\t\t\t\t>\n\t\t<div class=\"jet-radio-list__button\">\n\t\t\t\t\t\t<span class=\"jet-radio-list__label\">Tous<\/span>\n\t\t\t\t\t<\/div>\n\t<\/label>\n<\/div><\/fieldset><\/form><\/div>\n<\/div>\t\t<\/div>\n\t\t\t\t<\/div>\n\t\t\t\t<div class=\"elementor-element elementor-element-b76bb20 elementor-widget elementor-widget-jet-listing-grid\" data-id=\"b76bb20\" data-element_type=\"widget\" data-settings=\"{&quot;columns&quot;:3,&quot;columns_tablet&quot;:&quot;2&quot;,&quot;columns_mobile&quot;:&quot;1&quot;}\" data-widget_type=\"jet-listing-grid.default\">\n\t\t\t\t<div class=\"elementor-widget-container\">\n\t\t\t<div class=\"jet-listing-grid jet-listing\"><div class=\"jet-listing-not-found jet-listing-grid__items\" data-nav=\"{&quot;enabled&quot;:true,&quot;type&quot;:&quot;click&quot;,&quot;more_el&quot;:&quot;#blog-load-more&quot;,&quot;query&quot;:{&quot;post_status&quot;:[&quot;publish&quot;],&quot;post_type&quot;:&quot;post&quot;,&quot;posts_per_page&quot;:&quot;12&quot;,&quot;paged&quot;:&quot;1&quot;,&quot;ignore_sticky_posts&quot;:&quot;1&quot;,&quot;suppress_filters&quot;:false,&quot;jet_smart_filters&quot;:&quot;jet-engine\\\/default&quot;},&quot;widget_settings&quot;:{&quot;lisitng_id&quot;:244,&quot;posts_num&quot;:12,&quot;columns&quot;:3,&quot;columns_tablet&quot;:2,&quot;columns_mobile&quot;:1,&quot;is_archive_template&quot;:&quot;&quot;,&quot;post_status&quot;:[&quot;publish&quot;],&quot;use_random_posts_num&quot;:&quot;&quot;,&quot;max_posts_num&quot;:9,&quot;not_found_message&quot;:&quot;No se han encontrado datos&quot;,&quot;is_masonry&quot;:false,&quot;equal_columns_height&quot;:&quot;&quot;,&quot;use_load_more&quot;:&quot;yes&quot;,&quot;load_more_id&quot;:&quot;blog-load-more&quot;,&quot;load_more_type&quot;:&quot;click&quot;,&quot;load_more_offset&quot;:{&quot;unit&quot;:&quot;px&quot;,&quot;size&quot;:0,&quot;sizes&quot;:[]},&quot;use_custom_post_types&quot;:&quot;&quot;,&quot;custom_post_types&quot;:[],&quot;hide_widget_if&quot;:&quot;&quot;,&quot;carousel_enabled&quot;:&quot;&quot;,&quot;slides_to_scroll&quot;:&quot;1&quot;,&quot;arrows&quot;:&quot;true&quot;,&quot;arrow_icon&quot;:&quot;fa fa-angle-left&quot;,&quot;dots&quot;:&quot;&quot;,&quot;autoplay&quot;:&quot;true&quot;,&quot;autoplay_speed&quot;:5000,&quot;infinite&quot;:&quot;true&quot;,&quot;center_mode&quot;:&quot;&quot;,&quot;effect&quot;:&quot;slide&quot;,&quot;speed&quot;:500,&quot;inject_alternative_items&quot;:&quot;&quot;,&quot;injection_items&quot;:[],&quot;scroll_slider_enabled&quot;:&quot;&quot;,&quot;scroll_slider_on&quot;:[&quot;desktop&quot;,&quot;tablet&quot;,&quot;mobile&quot;],&quot;custom_query&quot;:false,&quot;custom_query_id&quot;:&quot;&quot;,&quot;_element_id&quot;:&quot;&quot;}}\" >No se han encontrado datos<\/div><\/div>\t\t<\/div>\n\t\t\t\t<\/div>\n\t\t\t\t<div class=\"elementor-element elementor-element-b13c497 elementor-align-center elementor-widget elementor-widget-button\" data-id=\"b13c497\" data-element_type=\"widget\" id=\"blog-load-more\" data-widget_type=\"button.default\">\n\t\t\t\t<div class=\"elementor-widget-container\">\n\t\t\t\t\t<div class=\"elementor-button-wrapper\">\n\t\t\t<a class=\"elementor-button elementor-button-link elementor-size-sm\" href=\"#\">\n\t\t\t\t\t\t<span class=\"elementor-button-content-wrapper\">\n\t\t\t\t\t\t\t\t\t<span class=\"elementor-button-text\">M\u00e1s informaci\u00f3n<\/span>\n\t\t\t\t\t<\/span>\n\t\t\t\t\t<\/a>\n\t\t<\/div>\n\t\t\t\t<\/div>\n\t\t\t\t<\/div>\n\t\t\t\t\t<\/div>\n\t\t\t\t<\/div>\n\t\t\t\t<\/div>\n\t\t","protected":false},"excerpt":{"rendered":"<p>Rinc\u00f3n del Coco Aparcar y los aparcamientos son una pesadilla: en este blog hemos reunido toda la informaci\u00f3n \u00fatil posible para ayudarle a aparcar de forma m\u00e1s eficiente en la ciudad: trucos, consejos, gu\u00edas&#8230; \u00a1todo est\u00e1 aqu\u00ed! Categor\u00edas Blog checkbox filter Tous Aix Belgique Bon plan Bons plans auto Bordeaux Lille Lyon Marseille Mobilit\u00e9 Digitale [&hellip;]<\/p>\n","protected":false},"author":1,"featured_media":0,"parent":0,"menu_order":0,"comment_status":"closed","ping_status":"closed","template":"elementor_header_footer","meta":{"content-type":"","footnotes":""},"tag-guides":[],"solutions-produits-taxo":[],"class_list":["post-4209","page","type-page","status-publish","hentry"],"_links":{"self":[{"href":"https:\/\/cocoparks.io\/es-es\/wp-json\/wp\/v2\/pages\/4209"}],"collection":[{"href":"https:\/\/cocoparks.io\/es-es\/wp-json\/wp\/v2\/pages"}],"about":[{"href":"https:\/\/cocoparks.io\/es-es\/wp-json\/wp\/v2\/types\/page"}],"author":[{"embeddable":true,"href":"https:\/\/cocoparks.io\/es-es\/wp-json\/wp\/v2\/users\/1"}],"replies":[{"embeddable":true,"href":"https:\/\/cocoparks.io\/es-es\/wp-json\/wp\/v2\/comments?post=4209"}],"version-history":[{"count":3,"href":"https:\/\/cocoparks.io\/es-es\/wp-json\/wp\/v2\/pages\/4209\/revisions"}],"predecessor-version":[{"id":4212,"href":"https:\/\/cocoparks.io\/es-es\/wp-json\/wp\/v2\/pages\/4209\/revisions\/4212"}],"wp:attachment":[{"href":"https:\/\/cocoparks.io\/es-es\/wp-json\/wp\/v2\/media?parent=4209"}],"wp:term":[{"taxonomy":"tag-guides","embeddable":true,"href":"https:\/\/cocoparks.io\/es-es\/wp-json\/wp\/v2\/tag-guides?post=4209"},{"taxonomy":"solutions-produits-taxo","embeddable":true,"href":"https:\/\/cocoparks.io\/es-es\/wp-json\/wp\/v2\/solutions-produits-taxo?post=4209"}],"curies":[{"name":"wp","href":"https:\/\/api.w.org\/{rel}","templated":true}]}}