{"id":5114,"date":"2023-10-20T15:20:06","date_gmt":"2023-10-20T14:20:06","guid":{"rendered":"https:\/\/cocoparks.io\/informacion-legal\/"},"modified":"2024-06-29T09:09:00","modified_gmt":"2024-06-29T08:09:00","slug":"informacion-legal","status":"publish","type":"page","link":"https:\/\/cocoparks.io\/es-es\/informacion-legal\/","title":{"rendered":"Informaci\u00f3n legal"},"content":{"rendered":"\t\t<div data-elementor-type=\"wp-page\" data-elementor-id=\"5114\" class=\"elementor elementor-5114 elementor-1041\" data-elementor-post-type=\"page\">\n\t\t\t\t<div class=\"elementor-element elementor-element-338c7bb5 e-flex e-con-boxed e-con e-parent\" data-id=\"338c7bb5\" data-element_type=\"container\" data-settings=\"{&quot;background_background&quot;:&quot;classic&quot;}\">\n\t\t\t\t\t<div class=\"e-con-inner\">\n\t\t\t\t<div class=\"elementor-element elementor-element-da86125 elementor-widget elementor-widget-heading\" data-id=\"da86125\" data-element_type=\"widget\" data-widget_type=\"heading.default\">\n\t\t\t\t<div class=\"elementor-widget-container\">\n\t\t\t<h1 class=\"elementor-heading-title elementor-size-default\">Informaci\u00f3n legal<\/h1>\t\t<\/div>\n\t\t\t\t<\/div>\n\t\t\t\t<div class=\"elementor-element elementor-element-68b0f18f elementor-widget elementor-widget-text-editor\" data-id=\"68b0f18f\" data-element_type=\"widget\" data-widget_type=\"text-editor.default\">\n\t\t\t\t<div class=\"elementor-widget-container\">\n\t\t\t\t\t\t\t<p><strong>1. Editor del sitio<\/strong><br>\nEl sitio web Cocoparks.io est\u00e1 publicado por :<\/p>\n<ul>\n<li><strong>Nombre de la empresa <\/strong>: Cocoparks<\/li>\n<li><strong>Domicilio social<\/strong>: 112 avenue de Paris, 94306 VINCENNES<\/li>\n<li><strong>Contacto<\/strong>: cocoadmin@cocoparks.io<\/li>\n<\/ul><div><br><\/div>\n<p><strong>2. Alojamiento<\/strong><br>\nEl sitio est\u00e1 alojado en :<\/p>\n<ul>\n<li><strong>Nombre del host<\/strong>: Hostinger<\/li>\n<\/ul><div><br><\/div>\n<p><strong>3. Propiedad intelectual<\/strong><br>\nTodo el contenido de este sitio (texto, im\u00e1genes, logotipos, etc.) est\u00e1 protegido por las leyes vigentes de propiedad intelectual y es propiedad exclusiva de Cocoparks. Cualquier reproducci\u00f3n, distribuci\u00f3n, modificaci\u00f3n, adaptaci\u00f3n, retransmisi\u00f3n o publicaci\u00f3n, incluso parcial, de estos distintos elementos est\u00e1 estrictamente prohibida sin el consentimiento expreso y por escrito de Cocoparks.<\/p><p><br><\/p>\n<p><strong>4. Datos personales<\/strong><br>\n[Nom de l&#8217;entreprise \/ de la personne physique] La informaci\u00f3n recogida en este sitio est\u00e1 destinada a terceros y en ning\u00fan caso ser\u00e1 transmitida a ellos. De conformidad con la Ley francesa de Protecci\u00f3n de Datos de 6 de enero de 1978 modificada, tienes derecho a acceder, modificar, rectificar y suprimir los datos que te conciernan. Para ejercer este derecho, ponte en contacto con nosotros en cocoadmin@cocoparks.io.<\/p><p><br><\/p>\n<p><strong>5. Responsabilidad<\/strong><br>\nCocoparks hace todo lo posible para garantizar que la informaci\u00f3n publicada en este sitio sea exacta y est\u00e9 actualizada. [Nom de l&#8217;entreprise \/ de la personne physique] Sin embargo, no puede garantizar la exactitud, precisi\u00f3n o exhaustividad de la informaci\u00f3n disponible en este sitio. En consecuencia, Cocoparks declina toda responsabilidad por cualquier imprecisi\u00f3n, inexactitud u omisi\u00f3n en la informaci\u00f3n disponible en este sitio.<\/p><p><br><\/p>\n<p><strong>6. Enlaces de hipertexto<\/strong><br>\nEl sitio puede contener enlaces de hipertexto a otros sitios. Sin embargo, Cocoparks no est\u00e1 en condiciones de comprobar el contenido de los sitios visitados de este modo y, en consecuencia, no acepta ninguna responsabilidad al respecto.<\/p>\n<p><strong><br><\/strong><\/p><p><strong>7. Cookies<\/strong><br>\nEl sitio puede pedirte que aceptes cookies con fines estad\u00edsticos y de visualizaci\u00f3n. Una cookie es un fragmento de informaci\u00f3n colocado en tu disco duro por el servidor del sitio que est\u00e1s visitando. Contiene una serie de datos que se almacenan en tu ordenador en un archivo de texto al que accede un servidor para leer y registrar informaci\u00f3n.<\/p><p><br><\/p>\n<p><strong>8. Ley aplicable y jurisdicci\u00f3n<\/strong><br>\nCualquier litigio relacionado con el uso de este sitio est\u00e1 sujeto a la legislaci\u00f3n francesa. [Ville du si\u00e8ge social]Los tribunales de tienen jurisdicci\u00f3n exclusiva.<\/p>\t\t\t\t\t\t<\/div>\n\t\t\t\t<\/div>\n\t\t\t\t\t<\/div>\n\t\t\t\t<\/div>\n\t\t\t\t<\/div>\n\t\t","protected":false},"excerpt":{"rendered":"<p>1. Editor del sitio El sitio web Cocoparks.io est\u00e1 publicado por : Nombre de la empresa : Cocoparks Domicilio social: 112 avenue de Paris, 94306 VINCENNES Contacto: cocoadmin@cocoparks.io 2. Alojamiento El sitio est\u00e1 alojado en : Nombre del host: Hostinger 3. Propiedad intelectual Todo el contenido de este sitio (texto, im\u00e1genes, logotipos, etc.) est\u00e1 protegido [&hellip;]<\/p>\n","protected":false},"author":1,"featured_media":0,"parent":0,"menu_order":0,"comment_status":"closed","ping_status":"closed","template":"elementor_header_footer","meta":{"content-type":"","footnotes":""},"tag-guides":[],"solutions-produits-taxo":[],"class_list":["post-5114","page","type-page","status-publish","hentry"],"_links":{"self":[{"href":"https:\/\/cocoparks.io\/es-es\/wp-json\/wp\/v2\/pages\/5114"}],"collection":[{"href":"https:\/\/cocoparks.io\/es-es\/wp-json\/wp\/v2\/pages"}],"about":[{"href":"https:\/\/cocoparks.io\/es-es\/wp-json\/wp\/v2\/types\/page"}],"author":[{"embeddable":true,"href":"https:\/\/cocoparks.io\/es-es\/wp-json\/wp\/v2\/users\/1"}],"replies":[{"embeddable":true,"href":"https:\/\/cocoparks.io\/es-es\/wp-json\/wp\/v2\/comments?post=5114"}],"version-history":[{"count":5,"href":"https:\/\/cocoparks.io\/es-es\/wp-json\/wp\/v2\/pages\/5114\/revisions"}],"predecessor-version":[{"id":5119,"href":"https:\/\/cocoparks.io\/es-es\/wp-json\/wp\/v2\/pages\/5114\/revisions\/5119"}],"wp:attachment":[{"href":"https:\/\/cocoparks.io\/es-es\/wp-json\/wp\/v2\/media?parent=5114"}],"wp:term":[{"taxonomy":"tag-guides","embeddable":true,"href":"https:\/\/cocoparks.io\/es-es\/wp-json\/wp\/v2\/tag-guides?post=5114"},{"taxonomy":"solutions-produits-taxo","embeddable":true,"href":"https:\/\/cocoparks.io\/es-es\/wp-json\/wp\/v2\/solutions-produits-taxo?post=5114"}],"curies":[{"name":"wp","href":"https:\/\/api.w.org\/{rel}","templated":true}]}}