{"id":1028,"date":"2023-10-20T15:06:01","date_gmt":"2023-10-20T15:06:01","guid":{"rendered":"https:\/\/ctn.jixart.fr\/?page_id=1028"},"modified":"2025-04-28T10:52:40","modified_gmt":"2025-04-28T09:52:40","slug":"app","status":"publish","type":"page","link":"https:\/\/cocoparks.io\/fr-fr\/app\/","title":{"rendered":"Application"},"content":{"rendered":"\t\t<div data-elementor-type=\"wp-page\" data-elementor-id=\"1028\" class=\"elementor elementor-1028\" data-elementor-post-type=\"page\">\n\t\t\t\t<div class=\"elementor-element elementor-element-1580790 e-flex e-con-boxed e-con e-parent\" data-id=\"1580790\" data-element_type=\"container\" data-settings=\"{&quot;background_background&quot;:&quot;gradient&quot;}\">\n\t\t\t\t\t<div class=\"e-con-inner\">\n\t\t<div class=\"elementor-element elementor-element-dd87cf3 e-con-full e-flex e-con e-child\" data-id=\"dd87cf3\" data-element_type=\"container\">\n\t\t\t\t<div class=\"elementor-element elementor-element-c1a9009 elementor-widget elementor-widget-heading\" data-id=\"c1a9009\" data-element_type=\"widget\" data-widget_type=\"heading.default\">\n\t\t\t\t<div class=\"elementor-widget-container\">\n\t\t\t<h1 class=\"elementor-heading-title elementor-size-default\">Gagnez du temps et optimisez votre budget, gr\u00e2ce aux donn\u00e9es les plus compl\u00e8tes du march\u00e9<\/h1>\t\t<\/div>\n\t\t\t\t<\/div>\n\t\t\t\t<div class=\"elementor-element elementor-element-e3f29ff elementor-widget__width-initial elementor-widget-mobile__width-inherit elementor-widget elementor-widget-text-editor\" data-id=\"e3f29ff\" data-element_type=\"widget\" data-widget_type=\"text-editor.default\">\n\t\t\t\t<div class=\"elementor-widget-container\">\n\t\t\t\t\t\t\t<p>Anticipez les difficult\u00e9s, trouvez l&#8217;option de stationnement la moins ch\u00e8re et la plus proche de votre destination, enregistrez et payez votre stationnement.<\/p>\t\t\t\t\t\t<\/div>\n\t\t\t\t<\/div>\n\t\t\t\t<div class=\"elementor-element elementor-element-c135efc elementor-tablet-align-center elementor-widget elementor-widget-button\" data-id=\"c135efc\" data-element_type=\"widget\" data-widget_type=\"button.default\">\n\t\t\t\t<div class=\"elementor-widget-container\">\n\t\t\t\t\t<div class=\"elementor-button-wrapper\">\n\t\t\t<a class=\"elementor-button elementor-button-link elementor-size-sm\" href=\"https:\/\/app.cocoparks.io\/\" target=\"_blank\">\n\t\t\t\t\t\t<span class=\"elementor-button-content-wrapper\">\n\t\t\t\t\t\t\t\t\t<span class=\"elementor-button-text\">Acc\u00e9der a l\u2019appli<\/span>\n\t\t\t\t\t<\/span>\n\t\t\t\t\t<\/a>\n\t\t<\/div>\n\t\t\t\t<\/div>\n\t\t\t\t<\/div>\n\t\t\t\t<\/div>\n\t\t\t\t<div class=\"elementor-element elementor-element-3b4665a elementor-widget elementor-widget-image\" data-id=\"3b4665a\" data-element_type=\"widget\" data-widget_type=\"image.default\">\n\t\t\t\t<div class=\"elementor-widget-container\">\n\t\t\t\t\t\t\t\t\t\t\t\t\t<img fetchpriority=\"high\" decoding=\"async\" width=\"858\" height=\"582\" src=\"https:\/\/cocoparks.io\/wp-content\/uploads\/2023\/10\/Devices-cocoparks.png\" class=\"attachment-full size-full wp-image-1151\" alt=\"\" srcset=\"https:\/\/cocoparks.io\/wp-content\/uploads\/2023\/10\/Devices-cocoparks.png 858w, https:\/\/cocoparks.io\/wp-content\/uploads\/2023\/10\/Devices-cocoparks-300x203.png 300w, https:\/\/cocoparks.io\/wp-content\/uploads\/2023\/10\/Devices-cocoparks-768x521.png 768w\" sizes=\"(max-width: 858px) 100vw, 858px\" \/>\t\t\t\t\t\t\t\t\t\t\t\t\t<\/div>\n\t\t\t\t<\/div>\n\t\t\t\t\t<\/div>\n\t\t\t\t<\/div>\n\t\t\t\t<\/div>\n\t\t","protected":false},"excerpt":{"rendered":"<p>Gagnez du temps et optimisez votre budget, gr\u00e2ce aux donn\u00e9es les plus compl\u00e8tes du march\u00e9 Anticipez les difficult\u00e9s, trouvez l&#8217;option de stationnement la moins ch\u00e8re et la plus proche de votre destination, enregistrez et payez votre stationnement. Acc\u00e9der a l\u2019appli<\/p>\n","protected":false},"author":1,"featured_media":0,"parent":0,"menu_order":0,"comment_status":"closed","ping_status":"closed","template":"elementor_header_footer","meta":{"content-type":"","footnotes":""},"tag-guides":[],"solutions-produits-taxo":[],"class_list":["post-1028","page","type-page","status-publish","hentry"],"_links":{"self":[{"href":"https:\/\/cocoparks.io\/fr-fr\/wp-json\/wp\/v2\/pages\/1028"}],"collection":[{"href":"https:\/\/cocoparks.io\/fr-fr\/wp-json\/wp\/v2\/pages"}],"about":[{"href":"https:\/\/cocoparks.io\/fr-fr\/wp-json\/wp\/v2\/types\/page"}],"author":[{"embeddable":true,"href":"https:\/\/cocoparks.io\/fr-fr\/wp-json\/wp\/v2\/users\/1"}],"replies":[{"embeddable":true,"href":"https:\/\/cocoparks.io\/fr-fr\/wp-json\/wp\/v2\/comments?post=1028"}],"version-history":[{"count":10,"href":"https:\/\/cocoparks.io\/fr-fr\/wp-json\/wp\/v2\/pages\/1028\/revisions"}],"predecessor-version":[{"id":5756,"href":"https:\/\/cocoparks.io\/fr-fr\/wp-json\/wp\/v2\/pages\/1028\/revisions\/5756"}],"wp:attachment":[{"href":"https:\/\/cocoparks.io\/fr-fr\/wp-json\/wp\/v2\/media?parent=1028"}],"wp:term":[{"taxonomy":"tag-guides","embeddable":true,"href":"https:\/\/cocoparks.io\/fr-fr\/wp-json\/wp\/v2\/tag-guides?post=1028"},{"taxonomy":"solutions-produits-taxo","embeddable":true,"href":"https:\/\/cocoparks.io\/fr-fr\/wp-json\/wp\/v2\/solutions-produits-taxo?post=1028"}],"curies":[{"name":"wp","href":"https:\/\/api.w.org\/{rel}","templated":true}]}}