{"id":1041,"date":"2023-10-20T15:20:06","date_gmt":"2023-10-20T15:20:06","guid":{"rendered":"https:\/\/ctn.jixart.fr\/?page_id=1041"},"modified":"2024-06-29T09:07:42","modified_gmt":"2024-06-29T08:07:42","slug":"legal-notice","status":"publish","type":"page","link":"https:\/\/cocoparks.io\/fr-fr\/legal-notice\/","title":{"rendered":"Mentions l\u00e9gales"},"content":{"rendered":"\t\t<div data-elementor-type=\"wp-page\" data-elementor-id=\"1041\" class=\"elementor elementor-1041\" data-elementor-post-type=\"page\">\n\t\t\t\t<div class=\"elementor-element elementor-element-338c7bb5 e-flex e-con-boxed e-con e-parent\" data-id=\"338c7bb5\" data-element_type=\"container\" data-settings=\"{&quot;background_background&quot;:&quot;classic&quot;}\">\n\t\t\t\t\t<div class=\"e-con-inner\">\n\t\t\t\t<div class=\"elementor-element elementor-element-da86125 elementor-widget elementor-widget-heading\" data-id=\"da86125\" data-element_type=\"widget\" data-widget_type=\"heading.default\">\n\t\t\t\t<div class=\"elementor-widget-container\">\n\t\t\t<h1 class=\"elementor-heading-title elementor-size-default\">Mentions l\u00e9gales<\/h1>\t\t<\/div>\n\t\t\t\t<\/div>\n\t\t\t\t<div class=\"elementor-element elementor-element-68b0f18f elementor-widget elementor-widget-text-editor\" data-id=\"68b0f18f\" data-element_type=\"widget\" data-widget_type=\"text-editor.default\">\n\t\t\t\t<div class=\"elementor-widget-container\">\n\t\t\t\t\t\t\t<p><strong>1. \u00c9diteur du site<\/strong><br>\nLe site internet Cocoparks.io est \u00e9dit\u00e9 par :<\/p>\n<ul>\n<li><strong>Nom de l&#8217;entreprise <\/strong>: Cocoparks<\/li>\n<li><strong>Si\u00e8ge social<\/strong> : 112 avenue de Paris, 94306 VINCENNES<\/li>\n<li><strong>Contact<\/strong> : cocoadmin@cocoparks.io<\/li>\n<\/ul><div><br><\/div>\n<p><strong>2. H\u00e9bergement<\/strong><br>\nLe site est h\u00e9berg\u00e9 par :<\/p>\n<ul>\n<li><strong>Nom de l&#8217;h\u00e9bergeur<\/strong> : Hostinger<\/li>\n<\/ul><div><br><\/div>\n<p><strong>3. Propri\u00e9t\u00e9 intellectuelle<\/strong><br>\nTous les contenus pr\u00e9sents sur ce site (textes, images, logos, etc.) sont prot\u00e9g\u00e9s par les lois en vigueur sur la propri\u00e9t\u00e9 intellectuelle et sont la propri\u00e9t\u00e9 exclusive de Cocoparks. Toute reproduction, distribution, modification, adaptation, retransmission ou publication, m\u00eame partielle, de ces diff\u00e9rents \u00e9l\u00e9ments est strictement interdite sans l&#8217;accord expr\u00e8s par \u00e9crit de Cocoparks.<\/p><p><br><\/p>\n<p><strong>4. Donn\u00e9es personnelles<\/strong><br>\nLes informations collect\u00e9es sur ce site sont destin\u00e9es \u00e0 [Nom de l&#8217;entreprise \/ de la personne physique] et ne seront en aucun cas transmises \u00e0 des tiers. Conform\u00e9ment \u00e0 la loi &#8220;Informatique et Libert\u00e9s&#8221; du 6 janvier 1978 modifi\u00e9e, vous disposez d&#8217;un droit d&#8217;acc\u00e8s, de modification, de rectification et de suppression des donn\u00e9es qui vous concernent. Pour exercer ce droit, vous pouvez nous contacter \u00e0 cocoadmin@cocoparks.io.<\/p><p><br><\/p>\n<p><strong>5. Responsabilit\u00e9<\/strong><br>\nCocoparks s&#8217;efforce d&#8217;assurer l&#8217;exactitude et la mise \u00e0 jour des informations diffus\u00e9es sur ce site. Cependant, [Nom de l&#8217;entreprise \/ de la personne physique] ne peut garantir l&#8217;exactitude, la pr\u00e9cision ou l&#8217;exhaustivit\u00e9 des informations mises \u00e0 disposition sur ce site. En cons\u00e9quence, Cocoparks d\u00e9cline toute responsabilit\u00e9 pour toute impr\u00e9cision, inexactitude ou omission portant sur des informations disponibles sur ce site.<\/p><p><br><\/p>\n<p><strong>6. Liens hypertextes<\/strong><br>\nLe site peut contenir des liens hypertextes vers d&#8217;autres sites. Cependant, Cocoparks n&#8217;a pas la possibilit\u00e9 de v\u00e9rifier le contenu des sites ainsi visit\u00e9s, et n&#8217;assumera en cons\u00e9quence aucune responsabilit\u00e9 de ce fait.<\/p>\n<p><strong><br><\/strong><\/p><p><strong>7. Cookies<\/strong><br>\nLe site peut \u00eatre amen\u00e9 \u00e0 vous demander l\u2019acceptation des cookies pour des besoins de statistiques et d\u2019affichage. Un cookie est une information d\u00e9pos\u00e9e sur votre disque dur par le serveur du site que vous visitez. Il contient plusieurs donn\u00e9es qui sont stock\u00e9es sur votre ordinateur dans un fichier texte auquel un serveur acc\u00e8de pour lire et enregistrer des informations.<\/p><p><br><\/p>\n<p><strong>8. Droit applicable et juridiction<\/strong><br>\nTout litige en relation avec l\u2019utilisation de ce site est soumis au droit fran\u00e7ais. Il est fait attribution exclusive de juridiction aux tribunaux comp\u00e9tents de [Ville du si\u00e8ge social].<\/p>\t\t\t\t\t\t<\/div>\n\t\t\t\t<\/div>\n\t\t\t\t\t<\/div>\n\t\t\t\t<\/div>\n\t\t\t\t<\/div>\n\t\t","protected":false},"excerpt":{"rendered":"<p>1. \u00c9diteur du site Le site internet Cocoparks.io est \u00e9dit\u00e9 par : Nom de l&#8217;entreprise : Cocoparks Si\u00e8ge social : 112 avenue de Paris, 94306 VINCENNES Contact : cocoadmin@cocoparks.io 2. H\u00e9bergement Le site est h\u00e9berg\u00e9 par : Nom de l&#8217;h\u00e9bergeur : Hostinger 3. Propri\u00e9t\u00e9 intellectuelle Tous les contenus pr\u00e9sents sur ce site (textes, images, logos, [&hellip;]<\/p>\n","protected":false},"author":1,"featured_media":0,"parent":0,"menu_order":0,"comment_status":"closed","ping_status":"closed","template":"elementor_header_footer","meta":{"content-type":"","footnotes":""},"tag-guides":[],"solutions-produits-taxo":[],"class_list":["post-1041","page","type-page","status-publish","hentry"],"_links":{"self":[{"href":"https:\/\/cocoparks.io\/fr-fr\/wp-json\/wp\/v2\/pages\/1041"}],"collection":[{"href":"https:\/\/cocoparks.io\/fr-fr\/wp-json\/wp\/v2\/pages"}],"about":[{"href":"https:\/\/cocoparks.io\/fr-fr\/wp-json\/wp\/v2\/types\/page"}],"author":[{"embeddable":true,"href":"https:\/\/cocoparks.io\/fr-fr\/wp-json\/wp\/v2\/users\/1"}],"replies":[{"embeddable":true,"href":"https:\/\/cocoparks.io\/fr-fr\/wp-json\/wp\/v2\/comments?post=1041"}],"version-history":[{"count":10,"href":"https:\/\/cocoparks.io\/fr-fr\/wp-json\/wp\/v2\/pages\/1041\/revisions"}],"predecessor-version":[{"id":5109,"href":"https:\/\/cocoparks.io\/fr-fr\/wp-json\/wp\/v2\/pages\/1041\/revisions\/5109"}],"wp:attachment":[{"href":"https:\/\/cocoparks.io\/fr-fr\/wp-json\/wp\/v2\/media?parent=1041"}],"wp:term":[{"taxonomy":"tag-guides","embeddable":true,"href":"https:\/\/cocoparks.io\/fr-fr\/wp-json\/wp\/v2\/tag-guides?post=1041"},{"taxonomy":"solutions-produits-taxo","embeddable":true,"href":"https:\/\/cocoparks.io\/fr-fr\/wp-json\/wp\/v2\/solutions-produits-taxo?post=1041"}],"curies":[{"name":"wp","href":"https:\/\/api.w.org\/{rel}","templated":true}]}}